{"id":1191,"date":"2014-04-23T10:15:41","date_gmt":"2014-04-23T08:15:41","guid":{"rendered":"http:\/\/kammerpoetane.com\/?page_id=1191"},"modified":"2017-05-11T21:23:28","modified_gmt":"2017-05-11T19:23:28","slug":"jan-sorensen","status":"publish","type":"page","link":"https:\/\/kammerpoetane.com\/?page_id=1191","title":{"rendered":"Jan I. S\u00f8rensen"},"content":{"rendered":"<div class=\"fcbkbttn_buttons_block\" id=\"fcbkbttn_left\"><div class=\"fcbkbttn_button\">\n                            <a href=\"https:\/\/www.facebook.com\/\" target=\"_blank\">\n                                <img src=\"https:\/\/kammerpoetane.com\/wp-content\/plugins\/facebook-button-plugin\/images\/standard-facebook-ico.png\" alt=\"Fb-Button\" \/>\n                            <\/a>\n                        <\/div><div class=\"fcbkbttn_like \"><fb:like href=\"https:\/\/kammerpoetane.com\/?page_id=1191\" action=\"like\" colorscheme=\"light\" layout=\"standard\"  width=\"225px\" size=\"small\"><\/fb:like><\/div><\/div><p><a href=\"http:\/\/kammerpoetane.com\/wp-content\/uploads\/2014\/04\/DSC00732svhv.jpg\"><img loading=\"lazy\" class=\"alignright wp-image-1277 size-medium\" src=\"http:\/\/kammerpoetane.com\/wp-content\/uploads\/2014\/04\/DSC00732svhv-300x225.jpg\" alt=\"DSC00732svhv\" width=\"300\" height=\"225\" srcset=\"https:\/\/kammerpoetane.com\/wp-content\/uploads\/2014\/04\/DSC00732svhv-300x225.jpg 300w, https:\/\/kammerpoetane.com\/wp-content\/uploads\/2014\/04\/DSC00732svhv.jpg 640w\" sizes=\"(max-width: 300px) 100vw, 300px\" \/><\/a>Jan I. S\u00f8rensen (f. 1958 i Kongsberg) debuterte i 2013 med diktsamlingen &laquo;Ingenstedet&raquo;.<\/p>\n<p>Bokblogger <em>Bjarne Kjeldsen\u00a0<\/em><a href=\"https:\/\/bjarnekj.wordpress.com\/2013\/08\/25\/ingenstedet-er-et-godt-sted-a-vaere\/\">omtalte boka<\/a> slik:<\/p>\n<p>&laquo;I sin debutsamling \u00ab<em>Ingenstedet<\/em>\u00bb har S\u00f8rensen slipt ut gjettegryterom til dikt om en barndom. Det snurrer rundt. Gleder og sorger i en sterk sterk hvirvel, ned mot bunnen og lukt inn i stjernehimmelen. S\u00e5 mange barndomsdikt det finnes, men ingen andre har funnet slike spr\u00e5klige skapelser. \u00c5 g\u00e5 i land p\u00e5 Jan I S\u00f8rensens poesi oppleves nytt og overraskende&#8230;: \u00abSom regler reiser vi sammen\u00bb \u00abKj\u00e6rtegningene\u00bb, \u00abVi spikker arkeb\u00e5ter\u00bb. Lekent. Lekent som dansende sm\u00e5stein i fossen, skurende mot fjellet. Det blir gjettegryter av slikt, med tiden.&raquo;<\/p>\n<p><img src=\"http:\/\/almmedia.no\/wp-content\/uploads\/2013\/08\/omslag_endelig2-380x500.jpg\" alt=\"\" \/><\/p>\n<p>H\u00f8sten 2014, ga han ut bok nummer 2, denne gang hos Forlagshuset i Vestfold\/ LIV-forlag.<\/p>\n<p><a href=\"http:\/\/kammerpoetane.com\/wp-content\/uploads\/2014\/04\/stigeoppmot3.png\"><img loading=\"lazy\" class=\"alignnone size-medium wp-image-1925\" src=\"http:\/\/kammerpoetane.com\/wp-content\/uploads\/2014\/04\/stigeoppmot3-202x300.png\" alt=\"stigeoppmot3\" width=\"202\" height=\"300\" srcset=\"https:\/\/kammerpoetane.com\/wp-content\/uploads\/2014\/04\/stigeoppmot3-202x300.png 202w, https:\/\/kammerpoetane.com\/wp-content\/uploads\/2014\/04\/stigeoppmot3.png 413w\" sizes=\"(max-width: 202px) 100vw, 202px\" \/><\/a><\/p>\n<p>Boka er omtalt her:<\/p>\n<p><a href=\"http:\/\/skrivekunstnere.blogspot.no\/2015\/01\/kjell-ivar-sandviks-anmeldelse-av-stige.html\" target=\"_blank\">omtale#1<\/a><\/p>\n<p><a href=\"http:\/\/www.diktkammeret.no\/main\/read_post?post_id=1047625\" target=\"_blank\">omtale#2<\/a><\/p>\n<p>Og fra forlagshusets sider: <a title=\"Stige opp mot en tom himmel_boka\" href=\"http:\/\/forlagshusetivestfold.no\/stige-opp-mot-tom-himmel-jan-i-sorensen\" target=\"_blank\">Jan I. S\u00f8rensen<\/a><\/p>\n<p>Han har b\u00e5de f\u00f8r og siden publisert dikt p\u00e5 Diktkammeret, hvor han er k\u00e5ret til m\u00e5nedens poet 9\u00a0ganger.\u00a0Sist i <a href=\"https:\/\/www.diktkammeret.no\/main\/read_post?post_id=1172381#post\">april 2017<\/a><a href=\"http:\/\/diktkammeret.no\/main\/read_post?post_id=1153400\">\u00a0<\/a>&#8211; Han har dikt i flere litter\u00e6re tidsskrift, aviser, \u00a0og har med bidrag i antologiene: REN POESI(Cappelen Damm-2015), samt REN SN\u00d8(Cappelen Damm-2016), og REN SOMMER(kommer 4. mai-2017)<br \/>\nHan er intervjuet, og har flere dikt med i dokumentaren til Oddvar Schj\u00f8lberg &laquo;Krigsseilernes barn&raquo; (LIV forlag-2015)<\/p>\n<p>Han har egen blogg her: <a href=\"http:\/\/janinsor1.blogg.no\/1492962117_velkommen.html#bokami2\" target=\"_blank\">janinsoren<\/a><\/p>\n<p>&nbsp;<\/p>\n<p>Tekster:<\/p>\n<p>&nbsp;<\/p>\n<p><strong>du kan se ham der tomlene krysser hverandre<\/strong><\/p>\n<p>du kan se ham p\u00e5 klippene ved Dover<br \/>\nhan bygger stillaser av fyrstikker<\/p>\n<p>han er et gr\u00e5tt papirskip<br \/>\nen mislykket dragedreper<\/p>\n<p>han sitter p\u00e5 gulvet i rommet sitt<br \/>\nh\u00f8rer vinden tenne den f\u00f8rste fyrstikken<\/p>\n<p>du kan se ham i speilet<br \/>\nhan rensker ansiktet sitt for enhver likhet<\/p>\n<p>(fra &laquo;Stige opp mot en tom himmel&raquo;)<\/p>\n<p>*<\/p>\n<p><strong>Min stille skog<\/strong><\/p>\n<p>Etter at s\u00f8ster d\u00f8de, og bror<\/p>\n<p>sa ikke stort, var far og mor to<br \/>\nom \u00e5 v\u00e6re alene<br \/>\nmed mine tanker<\/p>\n<p>Jeg ga dem friske blomster p\u00e5 s\u00e5ret<br \/>\nla meg uten \u00e5 bli lest for<br \/>\nJeg var alene om \u00e5 snakke<br \/>\nmed meg selv, helt til jeg sovnet<\/p>\n<p>Da var jeg hos min stille skog<br \/>\nSommerfugler holdt meg i h\u00e5nda<\/p>\n<p>(fra &laquo;Stige opp mot en tom himmel&raquo;)<\/p>\n<p>*<\/p>\n<p><strong>Papirfuglen<\/strong><\/p>\n<p>Du sitter ved vinduet og<br \/>\nbretter en papirfugl<br \/>\nholder den over det brennende talglyset<br \/>\nkaller det brevet til himmelen<\/p>\n<p>Ser den g\u00e5 opp i r\u00f8yk<br \/>\nf\u00f8lger den helt vekk<br \/>\nf\u00f8r du bretter den ut igjen<br \/>\nLytter til vingeslagene i hjertet<\/p>\n<p>(fra &laquo;Ingenstedet&raquo;)<\/p>\n<p>*<\/p>\n<div>\n<p><strong>Innenlandet<\/strong><br \/>\ningen vet ikke hvor lenge det er \u00e5 ligge alene<br \/>\ni en eske p\u00e5 loftet<\/p>\n<p>og tankene g\u00e5r langt lengre<br \/>\nenn til den slokte lampa<\/p>\n<p>som henger p\u00e5 hj\u00f8rnet<br \/>\nved undergangen ned til jorda<\/p>\n<p>en dag skal jeg g\u00e5 til d\u00f8ra<br \/>\nikke lenger er \u00e5 se<\/p>\n<p>(m\u00e5nedens dikt &#8211; mai\u00a02016\/diktkammeret)<\/p>\n<p>*<\/p>\n<\/div>\n<p><strong>siste skoledag<\/strong><\/p>\n<p>hun har tatovert<br \/>\nen ransel p\u00e5 ryggen<br \/>\nog g\u00e5r i en stor ring rundt skolen<\/p>\n<p>ved elva stopper hun<br \/>\nog ser opp mot den svarte<br \/>\ntavla, p\u00e5\u00a0l\u00e6reren som visker<br \/>\nut alt hun skulle ha sagt<\/p>\n<p>hun sitter alltid ved det\u00a0samme<br \/>\nbordet, \u00a0og venter<br \/>\np\u00e5 at det skal ringe inn<\/p>\n<p>(m\u00e5nedens dikt &#8211; oktober 2016\/diktkammeret)<\/p>\n<p>*<\/p>\n<p><b>havn<\/b><\/p>\n<p>regndr\u00e5pene tar l\u00f8pefart<br \/>\nog sklir nedover ruta<br \/>\nvi lever<br \/>\nstadig lengre<\/p>\n<p>i hjertet klirrer enn\u00e5<br \/>\ndin kopp<br \/>\nmot min sk\u00e5l<\/p>\n<p>i speilet ser jeg duken<br \/>\ni \u00f8ynene<br \/>\nstrykejernet<br \/>\nsom ei ferje, p\u00e5 vei vekk<\/p>\n<p>(m\u00e5nedens dikt &#8211; november\u00a02016\/diktkammeret)<\/p>\n<p>***<\/p>\n","protected":false},"excerpt":{"rendered":"<p>Jan I. S\u00f8rensen (f. 1958 i Kongsberg) debuterte i 2013 med diktsamlingen &laquo;Ingenstedet&raquo;. Bokblogger Bjarne Kjeldsen\u00a0omtalte boka slik: &laquo;I sin debutsamling \u00abIngenstedet\u00bb har S\u00f8rensen slipt ut gjettegryterom til dikt om en barndom. Det snurrer rundt. Gleder og sorger i en sterk sterk hvirvel, ned mot bunnen og lukt inn i stjernehimmelen. S\u00e5 mange barndomsdikt det [&hellip;]<\/p>\n","protected":false},"author":6,"featured_media":0,"parent":179,"menu_order":9,"comment_status":"closed","ping_status":"closed","template":"","meta":[],"_links":{"self":[{"href":"https:\/\/kammerpoetane.com\/index.php?rest_route=\/wp\/v2\/pages\/1191"}],"collection":[{"href":"https:\/\/kammerpoetane.com\/index.php?rest_route=\/wp\/v2\/pages"}],"about":[{"href":"https:\/\/kammerpoetane.com\/index.php?rest_route=\/wp\/v2\/types\/page"}],"author":[{"embeddable":true,"href":"https:\/\/kammerpoetane.com\/index.php?rest_route=\/wp\/v2\/users\/6"}],"replies":[{"embeddable":true,"href":"https:\/\/kammerpoetane.com\/index.php?rest_route=%2Fwp%2Fv2%2Fcomments&post=1191"}],"version-history":[{"count":51,"href":"https:\/\/kammerpoetane.com\/index.php?rest_route=\/wp\/v2\/pages\/1191\/revisions"}],"predecessor-version":[{"id":2779,"href":"https:\/\/kammerpoetane.com\/index.php?rest_route=\/wp\/v2\/pages\/1191\/revisions\/2779"}],"up":[{"embeddable":true,"href":"https:\/\/kammerpoetane.com\/index.php?rest_route=\/wp\/v2\/pages\/179"}],"wp:attachment":[{"href":"https:\/\/kammerpoetane.com\/index.php?rest_route=%2Fwp%2Fv2%2Fmedia&parent=1191"}],"curies":[{"name":"wp","href":"https:\/\/api.w.org\/{rel}","templated":true}]}}