{"id":1243,"date":"2014-04-23T12:30:57","date_gmt":"2014-04-23T10:30:57","guid":{"rendered":"http:\/\/kammerpoetane.com\/?page_id=1243"},"modified":"2021-11-04T08:18:17","modified_gmt":"2021-11-04T07:18:17","slug":"hilde-susan-jaegtnes","status":"publish","type":"page","link":"https:\/\/kammerpoetane.com\/?page_id=1243","title":{"rendered":"Hilde Susan J\u00e6gtnes"},"content":{"rendered":"<div class=\"fcbkbttn_buttons_block\" id=\"fcbkbttn_left\"><div class=\"fcbkbttn_button\">\n                            <a href=\"https:\/\/www.facebook.com\/\" target=\"_blank\">\n                                <img src=\"https:\/\/kammerpoetane.com\/wp-content\/plugins\/facebook-button-plugin\/images\/standard-facebook-ico.png\" alt=\"Fb-Button\" \/>\n                            <\/a>\n                        <\/div><div class=\"fcbkbttn_like \"><fb:like href=\"https:\/\/kammerpoetane.com\/?page_id=1243\" action=\"like\" colorscheme=\"light\" layout=\"standard\"  width=\"225px\" size=\"small\"><\/fb:like><\/div><\/div><p><a href=\"http:\/\/kammerpoetane.com\/wp-content\/uploads\/2014\/04\/Hilde1.jpg\"><img loading=\"lazy\" class=\"alignleft wp-image-1279 size-medium\" src=\"http:\/\/kammerpoetane.com\/wp-content\/uploads\/2014\/04\/Hilde1-300x240.jpg\" alt=\"Hilde\" width=\"300\" height=\"240\" srcset=\"https:\/\/kammerpoetane.com\/wp-content\/uploads\/2014\/04\/Hilde1-300x240.jpg 300w, https:\/\/kammerpoetane.com\/wp-content\/uploads\/2014\/04\/Hilde1-1024x819.jpg 1024w\" sizes=\"(max-width: 300px) 100vw, 300px\" \/><\/a><a href=\"https:\/\/no.wikipedia.org\/wiki\/Hilde_Susan_J%C3%A6gtnes\"><em>Hilde Susan J\u00e6gtnes<\/em><\/a>, f\u00f8dt 1973, er utdannet skuespiller og musiker ved Rose Bruford College i London og har mastergrad i film- og\u00a0TV-manusskriving fra University of Southern California i Los Angeles. J\u00e6gtnes arbeider som frilansforfatter og skriver filmmanus, poesi og\u00a0prosa.\u00a0 Hun ble sammen med medforfatterne nominert til Amanda-prisen for manuset til spillefilmen Hjertestart og har senere skrevet manus til bl.a. spillefilmen Alle utlendinger har lukka gardiner og sesong 3 av TV-serien Okkupert.<\/p>\n<p>Som alle poetene her har hun ogs\u00e5 v\u00e6rt p\u00e5 Diktkammeret. Hun ble &laquo;m\u00e5nedens poet&raquo; i august 2010 med <a href=\"http:\/\/www.dagbladet.no\/2010\/09\/12\/kultur\/litteratur\/dikt\/diktkammeret\/manedens_poet\/13361880\/\">Orakelet danser i uv\u00e6r<\/a>.<\/p>\n<p>H\u00f8sten 2012 ga Bokvennen Forlag ut hennes f\u00f8rste bok,\u00a0diktsamlingen &laquo;Det er noen som lyver&raquo; og h\u00f8sten\u00a02014\u00a0kom hennes\u00a0novellesamling <a href=\"https:\/\/www.tanum.no\/_skjonnlitteratur\/essays-og-antologier\/minner-nytes-best-alene-i-storm-hilde-susan-j\u00e6gtnes-9788274884229\">Minner nytes best alene i storm<\/a>. I 2016 kom romanen <a href=\"https:\/\/www.facebook.com\/events\/1691084814497812\/\">Styggskrift<\/a> p\u00e5 forlaget HOF (House of Foundation) og i 2018 romanen <a href=\"http:\/\/bokvennen.no\/boker\/gildra\">Gildra<\/a> p\u00e5 Solum Bokvennen.\u00a0 I juni 2021 kom romanen <a href=\"https:\/\/www.norli.no\/jeg-grunnla-de-forente-stater\">Jeg grunnla de forente stsater <\/a>p\u00e5 Tiden norsk forlag.\u00a0 Boken er nominert til <a href=\"https:\/\/brageprisen.no\/\">Brageprisen i klassen for skj\u00f8nnlitteratur 2021<\/a>.<\/p>\n<p>I 2016 er\u00a0J\u00e6gtnes gitt omtale av Alfred Arvidsson i magasinet Floret i artikkelen Om n\u00e5gra norska samtida f\u00f6rfattare.\u00a0 Se ogs\u00e5 <a href=\"http:\/\/www.nordicwomeninfilm.com\/person\/hilde-susan-jaegtnes\/\">biografisk omtale fra 2020 p\u00e5 Nordic Women in Film<\/a>.<\/p>\n<p>P\u00e5\u00a0fritiden elsker J\u00e6gtnes \u00e5 reise, overleve, synge, spille xylofon, kle\u00a0seg ut og mislykkes i \u00e5 lese andres tanker.<\/p>\n<p><a href=\"https:\/\/www.youtube.com\/user\/hildesusan\/featured\">Hilde Susan p\u00e5 Youtube<\/a><\/p>\n<p><a href=\"https:\/\/www.tiden.no\/forfatterprofiler\/hilde-susan-jgtnes\">Hildes forfatterside<\/a> hos Tiden.<\/p>\n<p>&nbsp;<\/p>\n<p>Her er et annet av hennes finaledikt fra Diktkammeret, september 2011:<\/p>\n<p><strong>Portretter i svart papp<br \/>\n<\/strong><\/p>\n<p>Tre br\u00f8dre<br \/>\ni svart papp<br \/>\nSilhuettprofiler<br \/>\np\u00e5 voksenveggen<\/p>\n<p>Neser, krager<br \/>\nmyke skulderspisser<br \/>\nBlikkene f\u00f8lger b\u00f8lgene mot \u00f8st<br \/>\nPorselensm\u00e5ken stuper mot furuskjenken<\/p>\n<p>\u201dTang og tare\u201d, hvisket han til br\u00f8drene<br \/>\n\u201dHvorfor heter det b\u00e5de tang og tare?\u201d<\/p>\n<p>Den yngste red i hjel gyngehesten<br \/>\nDen mellomste sprengte kj\u00f8kkenet med kjemisettet<br \/>\nDen eldste stjal en Swiss Army Knife<br \/>\nfra konfirmasjonsbordet til den mellomste<\/p>\n<p>\u201dJeg vil ha denne dagen om igjen\u201d, sa den eldste<br \/>\nDen mellomste la seg flatt inntil den hvite bakgrunnen<br \/>\nDen yngste justerte seg etter hvert jordskjelv<br \/>\nsto aldri skjevt i rammen<\/p>\n","protected":false},"excerpt":{"rendered":"<p>Hilde Susan J\u00e6gtnes, f\u00f8dt 1973, er utdannet skuespiller og musiker ved Rose Bruford College i London og har mastergrad i film- og\u00a0TV-manusskriving fra University of Southern California i Los Angeles. J\u00e6gtnes arbeider som frilansforfatter og skriver filmmanus, poesi og\u00a0prosa.\u00a0 Hun ble sammen med medforfatterne nominert til Amanda-prisen for manuset til spillefilmen Hjertestart og har senere [&hellip;]<\/p>\n","protected":false},"author":6,"featured_media":0,"parent":179,"menu_order":5,"comment_status":"closed","ping_status":"closed","template":"","meta":[],"_links":{"self":[{"href":"https:\/\/kammerpoetane.com\/index.php?rest_route=\/wp\/v2\/pages\/1243"}],"collection":[{"href":"https:\/\/kammerpoetane.com\/index.php?rest_route=\/wp\/v2\/pages"}],"about":[{"href":"https:\/\/kammerpoetane.com\/index.php?rest_route=\/wp\/v2\/types\/page"}],"author":[{"embeddable":true,"href":"https:\/\/kammerpoetane.com\/index.php?rest_route=\/wp\/v2\/users\/6"}],"replies":[{"embeddable":true,"href":"https:\/\/kammerpoetane.com\/index.php?rest_route=%2Fwp%2Fv2%2Fcomments&post=1243"}],"version-history":[{"count":46,"href":"https:\/\/kammerpoetane.com\/index.php?rest_route=\/wp\/v2\/pages\/1243\/revisions"}],"predecessor-version":[{"id":2895,"href":"https:\/\/kammerpoetane.com\/index.php?rest_route=\/wp\/v2\/pages\/1243\/revisions\/2895"}],"up":[{"embeddable":true,"href":"https:\/\/kammerpoetane.com\/index.php?rest_route=\/wp\/v2\/pages\/179"}],"wp:attachment":[{"href":"https:\/\/kammerpoetane.com\/index.php?rest_route=%2Fwp%2Fv2%2Fmedia&parent=1243"}],"curies":[{"name":"wp","href":"https:\/\/api.w.org\/{rel}","templated":true}]}}