{"id":181,"date":"2013-05-11T09:17:08","date_gmt":"2013-05-11T09:17:08","guid":{"rendered":"http:\/\/kammerpoetane.wordpress.com\/?page_id=181"},"modified":"2022-04-25T11:42:29","modified_gmt":"2022-04-25T09:42:29","slug":"knut-olav-daasvatn","status":"publish","type":"page","link":"https:\/\/kammerpoetane.com\/?page_id=181","title":{"rendered":"Knut Olav Daasvatn"},"content":{"rendered":"<div class=\"fcbkbttn_buttons_block\" id=\"fcbkbttn_left\"><div class=\"fcbkbttn_button\">\n                            <a href=\"https:\/\/www.facebook.com\/\" target=\"_blank\">\n                                <img src=\"https:\/\/kammerpoetane.com\/wp-content\/plugins\/facebook-button-plugin\/images\/standard-facebook-ico.png\" alt=\"Fb-Button\" \/>\n                            <\/a>\n                        <\/div><div class=\"fcbkbttn_like \"><fb:like href=\"https:\/\/kammerpoetane.com\/?page_id=181\" action=\"like\" colorscheme=\"light\" layout=\"standard\"  width=\"225px\" size=\"small\"><\/fb:like><\/div><\/div><p id=\"docs-internal-guid-72b9046a-2d32-3d1e-5d40-e634a0cd4f6d\" dir=\"ltr\"><a href=\"http:\/\/kammerpoetane.com\/kammerpoetane-3\/knut-olav-daasvatn\/knut-olav-1-of-1\/\" rel=\"attachment wp-att-377\"><img loading=\"lazy\" class=\"size-medium wp-image-377 alignleft\" src=\"http:\/\/kammerpoetane.com\/wp-content\/uploads\/2013\/05\/knut-olav-1-of-1-300x231.jpg\" alt=\"Knut Olav (1 of 1)\" width=\"300\" height=\"231\" srcset=\"https:\/\/kammerpoetane.com\/wp-content\/uploads\/2013\/05\/knut-olav-1-of-1-300x231.jpg 300w, https:\/\/kammerpoetane.com\/wp-content\/uploads\/2013\/05\/knut-olav-1-of-1-1024x791.jpg 1024w\" sizes=\"(max-width: 300px) 100vw, 300px\" \/><\/a>Knut Olav Daasvatn (f. 69). Eg skreiv mitt f\u00f8rste dikt hausten 2007. Sidan har det vorte mange fleire. At det var dikt som skulle springe ut av skrivetrongen, var ei stor men gledeleg, overrasking. Eg er utdanna biokjemikar, men har sidan 1998 arbeidd i ulike administrative stillinger ved Universitetet i Bergen, og er no tilsett ved <a href=\"https:\/\/www.uib.no\/bio\">Institutt for biovitenskap<\/a>. Eg er gift, og har ein son.<\/p>\n<p dir=\"ltr\">\u2014 Ofte snakkar eg n\u00e6rast diktet fram, h\u00f8yrer det inne i meg medan eg skriv. D\u00e5 vert det gjerne litt lengre tekstar. Det fine med \u00e5 skrive slik er at det gjev ei kjensle av flyt og samanheng. S\u00e5 har eg ei litt barokk side som \u00f2g f\u00e5r slippe til d\u00e5, med snirklar og sidesprang. Men eg har \u00f2g ein trong til \u00e5 finne fram til sl\u00e5ande spr\u00e5kbilete, leite etter akkurat den forma som uttrykkjer ein id\u00e9 s\u00e5 kl\u00e5rt som mogeleg. D\u00e5 vert det ofte korte dikt, og mange gonger tek dei lengre tid \u00e5 skrive.<\/p>\n<p dir=\"ltr\">30. april i \u00e5r kjem Knut Olav ut med diktboka H\u00f2lene ved Montignac p\u00e5 Amlethus forlag.\u00a0 Titteldiktet kan du lese under her.\u00a0 Dette er hans andre bok, etter <a href=\"https:\/\/www.norli.no\/catalog\/product\/view\/id\/263040\/s\/alle-sorger-alle-gleder-dikt\/\">Alle sorger, alle gleder<\/a>, eit samarbeidsprosjekt med bror og fotograf <a href=\"https:\/\/www.facebook.com\/search\/top?q=geir%20daasvatn%20foto\">Geir Daasvatn<\/a> som kom\u00a0 i 2020.<\/p>\n<h3 dir=\"ltr\">H\u00f2lene ved Montignac<\/h3>\n<p>Sacre-Coeur lysar mot desemberhimmelen<br \/>\ndet er kaldt \u00e5 sitje ute, eg legg eit pledd over beina<br \/>\nbit tennene saman og held ut<br \/>\nto sukker, litt melk &#8211; det er Paul som serverar<\/p>\n<p>eg er ikkje vanskeleg \u00e5 finne &#8211; ikkje som inngangen<br \/>\ntil h\u00f2lene ved Montignac, men du kjende l\u00f8yndomen<br \/>\neg ber Lascaux med meg, Beatrice<br \/>\nventar p\u00e5 vintersolkverv, ventar p\u00e5 solefall<\/p>\n<p>om himmelen er kl\u00e5r &#8211; det skjer litt sjeldnare no<br \/>\nkan det hende ei handfull str\u00e5lar fr\u00e5 to auge<br \/>\nfell inn gjennom opninga og vekkjer<br \/>\nden store oksehallen til liv<\/p>\n<p>d\u00e5 vil hjortane og hestane galoppere, og oksane<br \/>\nstampe med klauvane mot h\u00f2letaket s\u00e5 hendene mine<br \/>\nvert dekte av et fint lag med st\u00f8v<\/p>\n<p dir=\"ltr\">\n<div id=\"attachment_2947\" style=\"width: 404px\" class=\"wp-caption alignnone\"><a href=\"https:\/\/kammerpoetane.com\/kammerpoetane-3\/knut-olav-daasvatn\/framside-bok\/\" rel=\"attachment wp-att-2947\"><img aria-describedby=\"caption-attachment-2947\" loading=\"lazy\" class=\"size-full wp-image-2947\" src=\"http:\/\/kammerpoetane.com\/wp-content\/uploads\/2022\/04\/framside.bok_.jpg\" alt=\"\" width=\"394\" height=\"553\" \/><\/a><p id=\"caption-attachment-2947\" class=\"wp-caption-text\">Illustrasjon: Beata Anna Bitkowska<\/p><\/div>\n","protected":false},"excerpt":{"rendered":"<p>Knut Olav Daasvatn (f. 69). Eg skreiv mitt f\u00f8rste dikt hausten 2007. Sidan har det vorte mange fleire. At det var dikt som skulle springe ut av skrivetrongen, var ei stor men gledeleg, overrasking. Eg er utdanna biokjemikar, men har sidan 1998 arbeidd i ulike administrative stillinger ved Universitetet i Bergen, og er no tilsett [&hellip;]<\/p>\n","protected":false},"author":1,"featured_media":0,"parent":179,"menu_order":1,"comment_status":"closed","ping_status":"closed","template":"","meta":[],"_links":{"self":[{"href":"https:\/\/kammerpoetane.com\/index.php?rest_route=\/wp\/v2\/pages\/181"}],"collection":[{"href":"https:\/\/kammerpoetane.com\/index.php?rest_route=\/wp\/v2\/pages"}],"about":[{"href":"https:\/\/kammerpoetane.com\/index.php?rest_route=\/wp\/v2\/types\/page"}],"author":[{"embeddable":true,"href":"https:\/\/kammerpoetane.com\/index.php?rest_route=\/wp\/v2\/users\/1"}],"replies":[{"embeddable":true,"href":"https:\/\/kammerpoetane.com\/index.php?rest_route=%2Fwp%2Fv2%2Fcomments&post=181"}],"version-history":[{"count":42,"href":"https:\/\/kammerpoetane.com\/index.php?rest_route=\/wp\/v2\/pages\/181\/revisions"}],"predecessor-version":[{"id":2950,"href":"https:\/\/kammerpoetane.com\/index.php?rest_route=\/wp\/v2\/pages\/181\/revisions\/2950"}],"up":[{"embeddable":true,"href":"https:\/\/kammerpoetane.com\/index.php?rest_route=\/wp\/v2\/pages\/179"}],"wp:attachment":[{"href":"https:\/\/kammerpoetane.com\/index.php?rest_route=%2Fwp%2Fv2%2Fmedia&parent=181"}],"curies":[{"name":"wp","href":"https:\/\/api.w.org\/{rel}","templated":true}]}}