{"id":216,"date":"2013-05-11T10:55:11","date_gmt":"2013-05-11T10:55:11","guid":{"rendered":"http:\/\/kammerpoetane.wordpress.com\/?page_id=216"},"modified":"2016-02-14T13:06:59","modified_gmt":"2016-02-14T12:06:59","slug":"cecilie-cottis-ostreng","status":"publish","type":"page","link":"https:\/\/kammerpoetane.com\/?page_id=216","title":{"rendered":"Cecilie Cottis \u00d8streng"},"content":{"rendered":"<div class=\"fcbkbttn_buttons_block\" id=\"fcbkbttn_left\"><div class=\"fcbkbttn_button\">\n                            <a href=\"https:\/\/www.facebook.com\/\" target=\"_blank\">\n                                <img src=\"https:\/\/kammerpoetane.com\/wp-content\/plugins\/facebook-button-plugin\/images\/standard-facebook-ico.png\" alt=\"Fb-Button\" \/>\n                            <\/a>\n                        <\/div><div class=\"fcbkbttn_like \"><fb:like href=\"https:\/\/kammerpoetane.com\/?page_id=216\" action=\"like\" colorscheme=\"light\" layout=\"standard\"  width=\"225px\" size=\"small\"><\/fb:like><\/div><\/div><p><a href=\"http:\/\/kammerpoetane.rangoy.com\/wp-content\/uploads\/2013\/05\/dscf228202s.jpg\"><img loading=\"lazy\" class=\"alignleft wp-image-393\" src=\"http:\/\/kammerpoetane.rangoy.com\/wp-content\/uploads\/2013\/05\/dscf228202s.jpg?w=200\" alt=\"DSCF228202s\" width=\"350\" height=\"524\" srcset=\"https:\/\/kammerpoetane.com\/wp-content\/uploads\/2013\/05\/dscf228202s.jpg 1360w, https:\/\/kammerpoetane.com\/wp-content\/uploads\/2013\/05\/dscf228202s-200x300.jpg 200w, https:\/\/kammerpoetane.com\/wp-content\/uploads\/2013\/05\/dscf228202s-684x1024.jpg 684w\" sizes=\"(max-width: 350px) 100vw, 350px\" \/><\/a><\/p>\n<p>&nbsp;<\/p>\n<p><em>Till\u00f8p til forvandling;<\/em><\/p>\n<p><em>duke nakken<\/em><\/p>\n<p><em>krysse<\/em><br \/>\n<em>fryktpunktet<\/em><\/p>\n<p><em>med uvirkelig kraft<\/em><br \/>\n<em>treffe planken<\/em><\/p>\n<p>&nbsp;<\/p>\n<p>&nbsp;<\/p>\n<p>&nbsp;<\/p>\n<p>Da Cecilie ble m\u00e5nedens poet med dette diktet i Diktkammeret for september 2011 beskrev hun tematikken slik: \u00abDet handler om \u00e5 satse alt \u2013 sats\u00f8yeblikket<i>\u00bb.\u00a0<\/i>Det \u00e5 v\u00e5ge overgivelsen, ikke bare til et annet menneske, men til sin egen natur, og konsekvensene det f\u00e5r, er gjennomgangstema i Cecilies diktning.<i>\u00a0<\/i>Hennar f\u00f8rste diktsamling &laquo;Om hvor langt det er til Ullern&raquo;\u00a0som kom ut p\u00e5 Tiden Norsk Forlag januar 2014,\u00a0er dikt i fortelling om sterke krefter\u00a0i og mellom to mennesker,\u00a0om dominans og underkastelse, tynnslitte grenser, utlevde fantasier,\u00a0tro- og utroskap, om \u00e5 finne og miste, nyte og falle. Uten sikkerhetsnett. Oppf\u00f8lgeren &laquo;Mingvasevann&raquo; kom ut p\u00e5 samme forlag (Tiden) januar 2015.<\/p>\n<p>Cecilie (f. 1967) har skrive dikt siden 2010, med Dagbladets Diktkammer som arena. Sju av dikta hennar har vore mellom m\u00e5nadens utvalde, og ho vart m\u00e5nadens diktar i\u00a0<a href=\"http:\/\/www.dagbladet.no\/2011\/10\/12\/kultur\/litteratur\/bok\/diktkammeret\/dikt\/18545502\/\">september 2011<\/a>, og i\u00a0<a href=\"http:\/\/www.dagbladet.no\/2012\/08\/14\/kultur\/litteratur\/bok\/diktkammeret\/helge_torvund\/22954893\/\">juli 2012<\/a>. Cecilie bur i Oslo og arbeider som kommunikasjonsr\u00e5dgivar i Oslo kommune. Ho er utdanna grafisk designar, sosionom og innan for medier og kommunikasjon.<\/p>\n<p>Les mer p\u00e5 Cecilies blogg \u00ab<a href=\"http:\/\/ceciliecostreng.com\">Om hvor langt det er til Ullern<i>\u00bb<\/i><\/a>.<\/p>\n<p>&nbsp;<\/p>\n<p><strong>Dikt fra \u00abOm hvor langt det er til Ullern<i>\u00bb.<\/i><\/strong><br \/>\nTiden Norsk Forlag, 2014:<\/p>\n<p>&nbsp;<\/p>\n<p><strong>Sp\u00f8rsm\u00e5l om tilbedelse<\/strong><\/p>\n<p>om jeg kneler<br \/>\nfordi det oppreiste har forlatt meg<\/p>\n<p>lytter for \u00e5 skjule hva jeg tier<br \/>\nn\u00e5r det brennende du vil meg er kanten av t\u00e5le<\/p>\n<p>om jeg g\u00e5r dit alene<\/p>\n<p>&nbsp;<\/p>\n<p>*<\/p>\n<p>&nbsp;<\/p>\n<p><strong>Queens<\/strong><\/p>\n<p>Vi to g\u00e5r alltid aleina, sang du sist vi var der, gnistra<br \/>\ninnover i meg s\u00e5 alle kunne se det, jeg kyssa en fremmed<\/p>\n<p>jente og plutselig hadde vi reist vi ogs\u00e5, til Queens<br \/>\nikke i New York riktignok, men ingen kunne elska deg<\/p>\n<p>mer insane enn jeg gjorde bak Gunerius, og alle drosjer<br \/>\nble gule, rusa Tonsenhagen og natta<\/p>\n<p>&nbsp;<\/p>\n<p>*<\/p>\n<p>&nbsp;<\/p>\n<p>Det er n\u00e5r du f\u00e5r en ny kvinne for deg<br \/>\nvil sy oss sammen til ett hjerte<\/p>\n<p>\u00e9n lystrende klase gapende munner<br \/>\nat det \u00e5 orke vil slippe taket<\/p>\n<p>den bortkomne lengselen klatre<br \/>\nut av munnen for \u00e5 trygle deg<\/p>\n<p>mindre dyrebar<\/p>\n<p>&nbsp;<\/p>\n<p>*<\/p>\n<p>&nbsp;<\/p>\n<p>Fremmede skygger<br \/>\nbr\u00f8l av kj\u00f8tt og svette<\/p>\n<p>mot ryggen min, alltid<br \/>\nunng\u00e5 \u00f8ynene deres<\/p>\n<p>n\u00e5r du sier ta henne!<br \/>\nuten et \u00f8yeblikk<\/p>\n<p>\u00e5 slippe hendene mine<br \/>\nse meg selvutl\u00f8se<\/p>\n<p>Etterp\u00e5 skal vi le, si til hverandre<br \/>\nat skitten, den smerten<\/p>\n<p>ikke er v\u00e5r, at ingen av oss<br \/>\nligger igjen der<\/p>\n<p>&nbsp;<\/p>\n<p>*<\/p>\n<p>&nbsp;<\/p>\n<p>Noen netter tar du h\u00e5nda mi<\/p>\n<p><em id=\"__mceDel\"> \u00f8yeblikk av nesten som<\/em><\/p>\n<p>vi skal hjem<\/p>\n<p>Jeg gjenreiser meg<br \/>\nlitt lavere hver gang<\/p>\n<p>&nbsp;<\/p>\n<p>*<\/p>\n<p>&nbsp;<\/p>\n<p>S\u00e5 inntil<br \/>\nsom umulig<\/p>\n<p>vende mot lyden<br \/>\nav en uventet indianer<\/p>\n<p>lyden av<br \/>\n\u00e5 ikke snu seg vekk<\/p>\n<p>av \u00e5 stanse<br \/>\ni utkanten av meg<\/p>\n<p>ikke mer, bare det<br \/>\nr\u00f8res s\u00e5nn<\/p>\n<p>Gi ham dette<br \/>\ntil navn<\/p>\n<p>&nbsp;<\/p>\n<p>&nbsp;<\/p>\n<p><a href=\"http:\/\/kammerpoetane.com\/wp-content\/uploads\/2013\/05\/cottis.jpg\"><img loading=\"lazy\" class=\"alignleft wp-image-1089\" src=\"http:\/\/kammerpoetane.com\/wp-content\/uploads\/2013\/05\/cottis-683x1024.jpg\" alt=\"untitled\" width=\"560\" height=\"839\" srcset=\"https:\/\/kammerpoetane.com\/wp-content\/uploads\/2013\/05\/cottis-683x1024.jpg 683w, https:\/\/kammerpoetane.com\/wp-content\/uploads\/2013\/05\/cottis-200x300.jpg 200w, https:\/\/kammerpoetane.com\/wp-content\/uploads\/2013\/05\/cottis.jpg 1963w\" sizes=\"(max-width: 560px) 100vw, 560px\" \/><\/a><\/p>\n<p>&nbsp;<\/p>\n<p>&nbsp;<\/p>\n<p>&nbsp;<\/p>\n","protected":false},"excerpt":{"rendered":"<p>&nbsp; Till\u00f8p til forvandling; duke nakken krysse fryktpunktet med uvirkelig kraft treffe planken &nbsp; &nbsp; &nbsp; Da Cecilie ble m\u00e5nedens poet med dette diktet i Diktkammeret for september 2011 beskrev hun tematikken slik: \u00abDet handler om \u00e5 satse alt \u2013 sats\u00f8yeblikket\u00bb.\u00a0Det \u00e5 v\u00e5ge overgivelsen, ikke bare til et annet menneske, men til sin egen natur, [&hellip;]<\/p>\n","protected":false},"author":1,"featured_media":0,"parent":179,"menu_order":10,"comment_status":"closed","ping_status":"closed","template":"","meta":[],"_links":{"self":[{"href":"https:\/\/kammerpoetane.com\/index.php?rest_route=\/wp\/v2\/pages\/216"}],"collection":[{"href":"https:\/\/kammerpoetane.com\/index.php?rest_route=\/wp\/v2\/pages"}],"about":[{"href":"https:\/\/kammerpoetane.com\/index.php?rest_route=\/wp\/v2\/types\/page"}],"author":[{"embeddable":true,"href":"https:\/\/kammerpoetane.com\/index.php?rest_route=\/wp\/v2\/users\/1"}],"replies":[{"embeddable":true,"href":"https:\/\/kammerpoetane.com\/index.php?rest_route=%2Fwp%2Fv2%2Fcomments&post=216"}],"version-history":[{"count":37,"href":"https:\/\/kammerpoetane.com\/index.php?rest_route=\/wp\/v2\/pages\/216\/revisions"}],"predecessor-version":[{"id":2530,"href":"https:\/\/kammerpoetane.com\/index.php?rest_route=\/wp\/v2\/pages\/216\/revisions\/2530"}],"up":[{"embeddable":true,"href":"https:\/\/kammerpoetane.com\/index.php?rest_route=\/wp\/v2\/pages\/179"}],"wp:attachment":[{"href":"https:\/\/kammerpoetane.com\/index.php?rest_route=%2Fwp%2Fv2%2Fmedia&parent=216"}],"curies":[{"name":"wp","href":"https:\/\/api.w.org\/{rel}","templated":true}]}}