{"id":2916,"date":"2021-11-28T19:26:53","date_gmt":"2021-11-28T18:26:53","guid":{"rendered":"http:\/\/kammerpoetane.com\/?page_id=2916"},"modified":"2021-12-02T12:18:42","modified_gmt":"2021-12-02T11:18:42","slug":"ole-andre-lie","status":"publish","type":"page","link":"https:\/\/kammerpoetane.com\/?page_id=2916","title":{"rendered":"Ole Andre Lie"},"content":{"rendered":"<div class=\"fcbkbttn_buttons_block\" id=\"fcbkbttn_left\"><div class=\"fcbkbttn_button\">\n                            <a href=\"https:\/\/www.facebook.com\/\" target=\"_blank\">\n                                <img src=\"https:\/\/kammerpoetane.com\/wp-content\/plugins\/facebook-button-plugin\/images\/standard-facebook-ico.png\" alt=\"Fb-Button\" \/>\n                            <\/a>\n                        <\/div><div class=\"fcbkbttn_like \"><fb:like href=\"https:\/\/kammerpoetane.com\/?page_id=2916\" action=\"like\" colorscheme=\"light\" layout=\"standard\"  width=\"225px\" size=\"small\"><\/fb:like><\/div><\/div><p><a href=\"http:\/\/kammerpoetane.com\/kammerpoetane-3\/ole-andre-lie\/ole-andre-portrett-2\/\" rel=\"attachment wp-att-2930\"><img loading=\"lazy\" class=\" wp-image-2930 alignleft\" src=\"http:\/\/kammerpoetane.com\/wp-content\/uploads\/2021\/11\/Ole.Andre_.portrett-1.jpg\" alt=\"Ole.Andre.portrett\" width=\"296\" height=\"285\" srcset=\"https:\/\/kammerpoetane.com\/wp-content\/uploads\/2021\/11\/Ole.Andre_.portrett-1.jpg 621w, https:\/\/kammerpoetane.com\/wp-content\/uploads\/2021\/11\/Ole.Andre_.portrett-1-420x404.jpg 420w\" sizes=\"(max-width: 296px) 100vw, 296px\" \/><\/a>Ole Andr\u00e9 Lie debuterte i \u00e5r med diktsamingen <a href=\"https:\/\/amlethusforlag.com\/shop\/boker\/farger-under-vann\/\">Farger under vann (Amlethus forlag)<\/a>. Farger under vann er en diktsamling om menneskeskjebner og relasjoner. Den gjennomg\u00e5ende handlingen omfatter hvor avgj\u00f8rende arv, milj\u00f8 og tilfeldigheter er for ethvert menneske. Hvor prisgitt man er omgivelser og n\u00e6re relasjoner. Samlingen best\u00e5r av to deler. I den f\u00f8rste blir vi kjent med fire mennesker fra oppveksten til samlingens jeg-person, hele tiden sett med dennes \u00f8yne. I del to f\u00e5r vi glimt og innblikk fra dypene av det samme diktjegets liv som ung voksen, og som gammel. Del \u00e9n er bygget opp rundt fire diktsykluser, mens del to inneholder tre diktsykluser. I tillegg best\u00e5r samlingen av frittst\u00e5ende dikt som binder syklusene sammen.<\/p>\n<p>Han har skrevet en rekke revy\/teatermanus og gav ogs\u00e5 ut humorrekordboka \u00abGunnars Rekordbok\u00bb (privat utgivelse) i 2005.\u00a0 Av yrke er Ole Andre barnevernspedag. Han bor p\u00e5 Her\u00f8ya med kj\u00e6resten og s\u00f8nnen p\u00e5 7 \u00e5r og jobber p\u00e5 Vestsiden skole i Porsgrunn. Utenom jobb er han er opptatt av l\u00f8ping, naturen, poesi, humor og teater.<\/p>\n<p>Ole Andre er to ganger k\u00e5ret til m\u00e5nedens poet p\u00e5 diktkammeret.no, siste gangen med diktet Jordn\u00e6re lys som er gjengitt under.\u00a0 Et intervju Ole Andre gav med Klassekampen i forbindelse med den f\u00f8rste k\u00e5ringen kan du <a href=\"https:\/\/arkiv.klassekampen.no\/article\/20190810\/ARTICLE\/190819994\">lese her<\/a>.<\/p>\n<h4>Jordn\u00e6re lys<\/h4>\n<p>Morgenen strekker sitt jordn\u00e6re lys over de frosne<br \/>\ndalsidene ned gjennom bygda. Innerst mot de<br \/>\nh\u00f8yeste fjella ligger avlange korridorer av<br \/>\nm\u00f8rke skygger. Jeg g\u00e5r bakerst i et f\u00f8lge p\u00e5 seks<br \/>\nog kjenner den kalde lufta kle stillheten.<br \/>\n&#8211; Under sn\u00f8en her er lyngen enn\u00e5 r\u00f8d,<br \/>\nforteller han som g\u00e5r f\u00f8rst.<\/p>\n<p>Ser mot toppen over tregrensa.<br \/>\nForklarer r\u00f8mningsruta opp gjennom dals\u00f8kket.<br \/>\nHenvender seg til meg og peker mot en liten hvit<br \/>\nglipe i fjellformasjonen:<br \/>\n&#8211; Han kom seg hele veien opp, men et bakhold<br \/>\nventet like over toppen.<\/p>\n<p>Skareknitteret under f\u00f8ttene puster meg bakover<br \/>\ni tid. Samme morgen, mens han spiser restene av<br \/>\nen potet- og ertelefse foran peisen, og er bekymret<br \/>\nfor r\u00f8yken fra pipa, &#8211; griper hun h\u00e5nden hans med<br \/>\net smil, og plasserer den p\u00e5 magen sin.<\/p>\n<p>Gutten fra nabog\u00e5rden kommer l\u00f8pende.<br \/>\nRoper han m\u00e5 skynde seg vekk.<br \/>\nHan kysser henne adj\u00f8<br \/>\nmed den ene h\u00e5nden p\u00e5 magen hennes<br \/>\nspenner han p\u00e5 seg skia og sier han vet om<br \/>\nen hemmelig hule ved Kverrvilljuvet.<\/p>\n<p>Jeg finner frem kikkerten. Opp den hvite glipa,<br \/>\nspora av \u00e5tti \u00e5r gamle fiskebein, en sliter p\u00e5 treski<br \/>\nog i det tiltakende sn\u00f8fokket<br \/>\nt\u00e5rene<br \/>\nnedover farmors magre kinn<\/p>\n<p>da far kom til verden.<\/p>\n","protected":false},"excerpt":{"rendered":"<p>Ole Andr\u00e9 Lie debuterte i \u00e5r med diktsamingen Farger under vann (Amlethus forlag). Farger under vann er en diktsamling om menneskeskjebner og relasjoner. Den gjennomg\u00e5ende handlingen omfatter hvor avgj\u00f8rende arv, milj\u00f8 og tilfeldigheter er for ethvert menneske. Hvor prisgitt man er omgivelser og n\u00e6re relasjoner. Samlingen best\u00e5r av to deler. I den f\u00f8rste blir vi [&hellip;]<\/p>\n","protected":false},"author":5,"featured_media":0,"parent":179,"menu_order":0,"comment_status":"closed","ping_status":"closed","template":"","meta":[],"_links":{"self":[{"href":"https:\/\/kammerpoetane.com\/index.php?rest_route=\/wp\/v2\/pages\/2916"}],"collection":[{"href":"https:\/\/kammerpoetane.com\/index.php?rest_route=\/wp\/v2\/pages"}],"about":[{"href":"https:\/\/kammerpoetane.com\/index.php?rest_route=\/wp\/v2\/types\/page"}],"author":[{"embeddable":true,"href":"https:\/\/kammerpoetane.com\/index.php?rest_route=\/wp\/v2\/users\/5"}],"replies":[{"embeddable":true,"href":"https:\/\/kammerpoetane.com\/index.php?rest_route=%2Fwp%2Fv2%2Fcomments&post=2916"}],"version-history":[{"count":9,"href":"https:\/\/kammerpoetane.com\/index.php?rest_route=\/wp\/v2\/pages\/2916\/revisions"}],"predecessor-version":[{"id":2932,"href":"https:\/\/kammerpoetane.com\/index.php?rest_route=\/wp\/v2\/pages\/2916\/revisions\/2932"}],"up":[{"embeddable":true,"href":"https:\/\/kammerpoetane.com\/index.php?rest_route=\/wp\/v2\/pages\/179"}],"wp:attachment":[{"href":"https:\/\/kammerpoetane.com\/index.php?rest_route=%2Fwp%2Fv2%2Fmedia&parent=2916"}],"curies":[{"name":"wp","href":"https:\/\/api.w.org\/{rel}","templated":true}]}}