{"id":319,"date":"2013-05-15T06:00:59","date_gmt":"2013-05-15T06:00:59","guid":{"rendered":"http:\/\/kammerpoetane.wordpress.com\/?page_id=319"},"modified":"2020-02-27T14:12:58","modified_gmt":"2020-02-27T13:12:58","slug":"kontakt","status":"publish","type":"page","link":"https:\/\/kammerpoetane.com\/?page_id=319","title":{"rendered":"Kontakt"},"content":{"rendered":"<div class=\"fcbkbttn_buttons_block\" id=\"fcbkbttn_left\"><div class=\"fcbkbttn_button\">\n                            <a href=\"https:\/\/www.facebook.com\/\" target=\"_blank\">\n                                <img src=\"https:\/\/kammerpoetane.com\/wp-content\/plugins\/facebook-button-plugin\/images\/standard-facebook-ico.png\" alt=\"Fb-Button\" \/>\n                            <\/a>\n                        <\/div><div class=\"fcbkbttn_like \"><fb:like href=\"https:\/\/kammerpoetane.com\/?page_id=319\" action=\"like\" colorscheme=\"light\" layout=\"standard\"  width=\"225px\" size=\"small\"><\/fb:like><\/div><\/div><p>&nbsp;<\/p>\n<p><em>Dersom du skulle \u00f8nskje kontakt med gruppa v\u00e5r, eller direkte med ein kammerpoet, kan du senda orda dine til ei av adressane under.<\/em><\/p>\n<p>&nbsp;<\/p>\n<table style=\"height: 277px;\" width=\"524\">\n<tbody>\n<tr>\n<td>Knut Olav Daasvatn<\/td>\n<td>knutolad (at) online.no<\/td>\n<\/tr>\n<tr>\n<td>Simen Kj\u00e6rsdalen<\/td>\n<td>simenkj (at) gmail.com<\/td>\n<\/tr>\n<tr>\n<td>Jan I. S\u00f8rensen<\/td>\n<td>janinsor (at) gmail.com<\/td>\n<\/tr>\n<tr>\n<td>Liv Reidun Hansen<\/td>\n<td>undring (at) live.no<\/td>\n<\/tr>\n<tr>\n<td>\u00d8yvind Rang\u00f8y<\/td>\n<td>rangoy (at) rangoy.com<\/td>\n<\/tr>\n<tr>\n<td>Oddbj\u00f8rn Aardalen<\/td>\n<td>oaardalen (at) yahoo.com<\/td>\n<\/tr>\n<tr>\n<td>Anne Elisabeth Danielsen<\/td>\n<td>ada (at) kebas.no<\/td>\n<\/tr>\n<tr>\n<td>Cecilie C. \u00d8streng<\/td>\n<td>c.blanca (at) live.no<\/td>\n<\/tr>\n<tr>\n<td>Hilde Susan J\u00e6gtnes<\/td>\n<td>hildesusan (at) gmail.com<\/td>\n<\/tr>\n<tr>\n<td><\/td>\n<td><\/td>\n<\/tr>\n<\/tbody>\n<\/table>\n<p>&nbsp;<\/p>\n","protected":false},"excerpt":{"rendered":"<p>&nbsp; Dersom du skulle \u00f8nskje kontakt med gruppa v\u00e5r, eller direkte med ein kammerpoet, kan du senda orda dine til ei av adressane under. &nbsp; Knut Olav Daasvatn knutolad (at) online.no Simen Kj\u00e6rsdalen simenkj (at) gmail.com Jan I. S\u00f8rensen janinsor (at) gmail.com Liv Reidun Hansen undring (at) live.no \u00d8yvind Rang\u00f8y rangoy (at) rangoy.com Oddbj\u00f8rn Aardalen [&hellip;]<\/p>\n","protected":false},"author":1,"featured_media":0,"parent":0,"menu_order":7,"comment_status":"closed","ping_status":"closed","template":"","meta":[],"_links":{"self":[{"href":"https:\/\/kammerpoetane.com\/index.php?rest_route=\/wp\/v2\/pages\/319"}],"collection":[{"href":"https:\/\/kammerpoetane.com\/index.php?rest_route=\/wp\/v2\/pages"}],"about":[{"href":"https:\/\/kammerpoetane.com\/index.php?rest_route=\/wp\/v2\/types\/page"}],"author":[{"embeddable":true,"href":"https:\/\/kammerpoetane.com\/index.php?rest_route=\/wp\/v2\/users\/1"}],"replies":[{"embeddable":true,"href":"https:\/\/kammerpoetane.com\/index.php?rest_route=%2Fwp%2Fv2%2Fcomments&post=319"}],"version-history":[{"count":61,"href":"https:\/\/kammerpoetane.com\/index.php?rest_route=\/wp\/v2\/pages\/319\/revisions"}],"predecessor-version":[{"id":2855,"href":"https:\/\/kammerpoetane.com\/index.php?rest_route=\/wp\/v2\/pages\/319\/revisions\/2855"}],"wp:attachment":[{"href":"https:\/\/kammerpoetane.com\/index.php?rest_route=%2Fwp%2Fv2%2Fmedia&parent=319"}],"curies":[{"name":"wp","href":"https:\/\/api.w.org\/{rel}","templated":true}]}}