{"id":765,"date":"2013-06-05T10:56:18","date_gmt":"2013-06-05T08:56:18","guid":{"rendered":"http:\/\/kammerpoetane.com\/?page_id=765"},"modified":"2016-10-17T12:43:25","modified_gmt":"2016-10-17T10:43:25","slug":"kjell-ivar-sandvik","status":"publish","type":"page","link":"https:\/\/kammerpoetane.com\/?page_id=765","title":{"rendered":"Kjell Ivar Sandvik"},"content":{"rendered":"<div class=\"fcbkbttn_buttons_block\" id=\"fcbkbttn_left\"><div class=\"fcbkbttn_button\">\n                            <a href=\"https:\/\/www.facebook.com\/\" target=\"_blank\">\n                                <img src=\"https:\/\/kammerpoetane.com\/wp-content\/plugins\/facebook-button-plugin\/images\/standard-facebook-ico.png\" alt=\"Fb-Button\" \/>\n                            <\/a>\n                        <\/div><div class=\"fcbkbttn_like \"><fb:like href=\"https:\/\/kammerpoetane.com\/?page_id=765\" action=\"like\" colorscheme=\"light\" layout=\"standard\"  width=\"225px\" size=\"small\"><\/fb:like><\/div><\/div><p><a href=\"http:\/\/kammerpoetane.com\/wp-content\/uploads\/2013\/06\/KIS-2863.jpg\"><br \/>\n<\/a><a href=\"http:\/\/kammerpoetane.com\/wp-content\/uploads\/2013\/06\/KIS-2863.jpg\"><img loading=\"lazy\" class=\"alignleft wp-image-1788 size-medium\" src=\"http:\/\/kammerpoetane.com\/wp-content\/uploads\/2013\/06\/KIS-2863-300x200.jpg\" alt=\"KIS 2863\" width=\"300\" height=\"200\" srcset=\"https:\/\/kammerpoetane.com\/wp-content\/uploads\/2013\/06\/KIS-2863-300x200.jpg 300w, https:\/\/kammerpoetane.com\/wp-content\/uploads\/2013\/06\/KIS-2863-1024x682.jpg 1024w\" sizes=\"(max-width: 300px) 100vw, 300px\" \/><\/a><\/p>\n<p>Kjell Ivar Sandvik ( 1962 \u2013 2016) var fra \u00a0Kristiansand, bosatt\u00a0i Oslo. Han dobbeltdebuterte i 2004, med &laquo;En vei til din d\u00f8r&raquo;, hvor han hadde\u00a0gjendiktet 28 av Bob Dylans sanger til norsk, samt diktsamlingen &laquo;Alternativt forlate hverandre&raquo; (begge Wigestrand forlag). I 2014 kom diktsamlingen &laquo;Dype fall, snublende forstand&raquo; (Kvalshaug forlag), og i 2015 ga han ut sin fjerde bok, diktsamlingen &laquo;Ingen av oss er borte&raquo; (Vigmostad &amp; Bj\u00f8rke).<\/p>\n<p>Kjell Ivar Sandviks litteraturblogg: <a href=\"http:\/\/skrivekunstnere.blogspot.no\">Norsk Litter\u00e6rt Forum<\/a><\/p>\n<p>&nbsp;<\/p>\n<p>DIKT FRA:<\/p>\n<p><strong>Ingen av oss er borte<br \/>\n<\/strong>Vigmostad &amp; Bj\u00f8rke, 2015<\/p>\n<p>&nbsp;<\/p>\n<p><strong>Innr\u00f8mmelser<\/strong><\/p>\n<p>Innr\u00f8mmer at jeg slengte lassoen rundt hornene<br \/>\np\u00e5 noe st\u00f8rre enn meg selv i natt, halte inn<br \/>\nog gikk over ende, innr\u00f8mmer at jeg ville v\u00e6rt<br \/>\nforn\u00f8yd om jeg var en parkeringsplass ved havet<br \/>\ni stedet for dette gnagerhjertet som gnir ansiktet<br \/>\ninn i m\u00e5negalskap og lurer forundringspakker<br \/>\nopp i lommene p\u00e5 folk som g\u00e5r forbi, innr\u00f8mmer<br \/>\nat jeg vil erstatte puslespillbitene som passer<br \/>\nmed brikker ingen har tenkt p\u00e5, leke med<br \/>\ndefekte kompasser i en jungel som ikke fins<br \/>\np\u00e5 kartet, se begj\u00e6ret koke p\u00e5 panseret p\u00e5 en jeep<br \/>\nmed kroppen s\u00e5 stappfull av hjerte at kj\u00e6rligheten<br \/>\neter seg gjennom huden, v\u00e6re han som b\u00e6rer deg<br \/>\ni sikkerhet gjennom m\u00f8rket, vekk fra dyrene<br \/>\nsom krasler i krattet<\/p>\n<p>&nbsp;<\/p>\n<p><strong>N\u00e5r hjertet reiser<\/strong><\/p>\n<p>Hjemveier, skumring og erindring<img loading=\"lazy\" class=\"alignright wp-image-2107\" src=\"http:\/\/kammerpoetane.com\/wp-content\/uploads\/2015\/10\/Ingen-av-oss-er-borte.jpg\" alt=\"Ingen av oss er borte\" width=\"300\" height=\"431\" srcset=\"https:\/\/kammerpoetane.com\/wp-content\/uploads\/2015\/10\/Ingen-av-oss-er-borte.jpg 1426w, https:\/\/kammerpoetane.com\/wp-content\/uploads\/2015\/10\/Ingen-av-oss-er-borte-208x300.jpg 208w, https:\/\/kammerpoetane.com\/wp-content\/uploads\/2015\/10\/Ingen-av-oss-er-borte-713x1024.jpg 713w\" sizes=\"(max-width: 300px) 100vw, 300px\" \/><br \/>\nFossekaller, jaktfalker, spurver<\/p>\n<p>\u00c5ndedrag, nattehimmel og stillhet<br \/>\nTyngdekraft, l\u00f8vfall, skygger<\/p>\n<p>Daggry, d\u00f8nninger og vindm\u00f8ller<br \/>\nSpindelvev, fluktlinjer, demring<\/p>\n<p>&nbsp;<\/p>\n<p><strong>Avskjedshuset<\/strong><\/p>\n<p>N\u00e5r natta kommer med tidevannet<br \/>\ngjemt i ei b\u00e5tlast av stjerner<\/p>\n<p>og den forrykte engelen<br \/>\nflyr fr\u00e5dende fra rom til rom<\/p>\n<p>med nebb av st\u00e5l<br \/>\nN\u00e5r hun du elsker kommer<\/p>\n<p>til huset ditt for \u00e5 kj\u00e6rtegne deg<br \/>\nmed en stein i h\u00e5nda<\/p>\n<p>&nbsp;<\/p>\n<p><strong>Insomnia<\/strong><\/p>\n<p>Hun som ikke er her, griper h\u00e5nda mi<br \/>\nog hvisker: F\u00e5r du ikke sove<br \/>\ndu heller, pappa?<\/p>\n<p>&nbsp;<\/p>\n<p><strong>Kur<\/strong><\/p>\n<p>Livet er brukket<br \/>\ndoktoren og terapeuten har kommet<\/p>\n<p>gardinene trekkes fra og veggene pyntes<br \/>\nmed pinupdamer og fredsduer<\/p>\n<p>Mirakelkurer pr\u00f8ves ut<br \/>\np\u00e5 en litt for merkelig pasient<\/p>\n<p>To av meg flyr i strupen p\u00e5 hverandre<br \/>\nEt lys skj\u00e6rer inn vinduet<\/p>\n<p>S\u00e5 er \u00e9n av meg historie<\/p>\n<p>&nbsp;<\/p>\n<p><strong>Gutter<\/strong><\/p>\n<p>N\u00e5r jeg tenker p\u00e5 barndommen, tenker jeg<br \/>\nat det er lenge siden mor lente seg ut kj\u00f8kkenvinduet<br \/>\nog ropte oss inn til kvelds og H\u00f8r, h\u00f8r i nord og i s\u00f8r<br \/>\nog Her er et hus, her er en d\u00f8r, mens vi hamra og sagde<br \/>\ni hytta ingen skulle f\u00e5 se f\u00f8r den var klar til \u00e5 bo i<br \/>\nresten av livet<\/p>\n<p>med plastikk p\u00e5 vinduene<br \/>\nhengel\u00e5s p\u00e5 d\u00f8ra<br \/>\nblikktak<\/p>\n<p>og maur med lang erfaring i \u00e5 myldre<br \/>\noppover halsen og inn i huet p\u00e5 sovende gutter<br \/>\ntil de ble g\u00e6rne og kj\u00f8rt i 100 med fulle sirener<br \/>\ntil doktoren som kunne bore sprekker i skallene<br \/>\nog hale dem ut med pinsett, \u00e9n etter \u00e9n<\/p>\n<p>&nbsp;<\/p>\n<p>&nbsp;<\/p>\n<p>DIKT FRA:<\/p>\n<p><strong>Dype fall, snublende forstand<br \/>\n<\/strong>Kvalshaug forlag, 2014<img loading=\"lazy\" class=\"alignright wp-image-1622 size-full\" src=\"http:\/\/kammerpoetane.com\/wp-content\/uploads\/2014\/06\/dype_fall.jpeg\" alt=\"dype_fall\" width=\"170\" height=\"239\" \/><\/p>\n<p>&nbsp;<\/p>\n<p><strong>Hytta<\/strong><\/p>\n<p>Jeg har bygd ei hytte i skogen<br \/>\ntre rom med dobbelvegger<\/p>\n<p>tak til \u00e5 t\u00e5le en voksen elefant<br \/>\nplankene henta jeg i containeren<\/p>\n<p>N\u00e5 gjenst\u00e5r bare vinduer, d\u00f8rer<br \/>\ntj\u00e6repapp til taket og at s\u00f8nnen<\/p>\n<p>skj\u00f8nner at hytta er hans, han tror<br \/>\nden har noe med oss \u00e5 gj\u00f8re<\/p>\n<p>&nbsp;<\/p>\n<p><strong>Bes\u00f8keren<\/strong><\/p>\n<p>har bes\u00f8kt kreftene<br \/>\nsom f\u00e5r deg ut av likevekt<br \/>\npolene som gj\u00f8r deg<br \/>\ntil din egen fiende og min<br \/>\nforhandlet med de mange<br \/>\ndu nekter at du er<\/p>\n<p>har bes\u00f8kt \u00f8ynene dine<br \/>\ni m\u00e5nedsvis for \u00e5 bli sett<br \/>\nh\u00f8rt han du kaller Gud<br \/>\nforby meg \u00e5 pakke kofferten<br \/>\nn\u00e5r jeg sto tungt lastet<br \/>\nog skalv nedi veien<\/p>\n<p>har bes\u00f8kt bes\u00f8keren<br \/>\ni meg for \u00e5 ta et valg<br \/>\n\u00e5pnet d\u00f8rene p\u00e5 vidt gap<br \/>\nog stengt dem like bredt<br \/>\nh\u00f8rt et digert nei og ja<br \/>\ninnenfor og utenfor<\/p>\n<p>&nbsp;<\/p>\n<p><strong>S\u00e5 g\u00e5r sommeren<\/strong><\/p>\n<p>Et slakterforkle vaier foran sola<br \/>\nEn hjertestarter st\u00e5r i utstillingsvinduet<\/p>\n<p>En kropp i en popsang mangler ene benet<br \/>\nEn landsby blir til minnet om en landsby<\/p>\n<p>Statskanalen viser en dokumentar om liljer<br \/>\nBondekona planter en link til Gud<\/p>\n<p>Dattera vasker en tallerken med t\u00e5rer<br \/>\nEn hacker har kledd av Yes we can<\/p>\n<p>En varsler auksjonerer bort sannheten<br \/>\nEn surrealist st\u00e5r helt stille<\/p>\n<p>&nbsp;<\/p>\n<p><strong>Vei<\/strong><\/p>\n<p>Alt blir tydeligere n\u00e5r du er borte<br \/>\n\u00e5pningen i skogen og lyden av regnet<\/p>\n<p>b\u00f8lgene som sl\u00e5r opp fra steinene i elva<br \/>\nhvor idiotisk lykkelig du var da du gikk<\/p>\n<p>som om du hadde funnet en vei ut<br \/>\nav forstanden<\/p>\n<p>&nbsp;<\/p>\n<p><strong>Det skjedde i de netter<\/strong><\/p>\n<p>at noe forgreina seg utover, jeg tror det var sjelens fingre<br \/>\nnoen lyste en omsorg over oss, det kan ha v\u00e6rt Gud<\/p>\n<p>men ingen snakka om det, eller om det luftige streifet<br \/>\nav ingenting i den r\u00f8dskimrende lavabyen og all<\/p>\n<p>den st\u00f8tvise pust som i noens f\u00f8dsel og andres d\u00f8d<br \/>\nNoen rev seg l\u00f8s og l\u00f8fta seg mot noe st\u00f8rre, andre<\/p>\n<p>tilba sine egne hjerter, jeg husker en krum bondekone<br \/>\nsom solgte hellige oljer fra bronsekrukker og samlet<\/p>\n<p>p\u00e5 vulkansk aske, gr\u00e5te over mangelen p\u00e5 lys og en<br \/>\nsoldat lovet \u00e5 bry seg om henne om et \u00f8yeblikk<\/p>\n<p>og det er ikke s\u00e5 mye mer \u00e5 si enn at noe jeg ikke forst\u00e5r<br \/>\nfant sin egen vei ut av noe annet jeg skulle fortelle<\/p>\n<p>i et slags Pompeii noen d\u00f8gn etter<\/p>\n<p>&nbsp;<\/p>\n<p><strong>Ansikter<\/strong><\/p>\n<p>Ansikter som passerer hverandre i tusenvis<br \/>\ner til for kanskje ingen<\/p>\n<p>hver dag kan du finne henne du lengter etter<br \/>\ni smilet til noen du ikke kan f\u00e5<\/p>\n<p>slik fortsetter vi \u00e5 g\u00e5 forbi, men s\u00e5 en dag<br \/>\nblir alt stillere, du st\u00e5r i utkanten<\/p>\n<p>av et lys og ingen savner deg<br \/>\nsom du<\/p>\n<p>&nbsp;<\/p>\n<p>&nbsp;<\/p>\n<p>DIKT FRA:<br \/>\n<strong>Alternativt forlate hverandre<img loading=\"lazy\" class=\"alignright wp-image-1098 size-full\" src=\"http:\/\/kammerpoetane.com\/wp-content\/uploads\/2013\/06\/Alternativt-forlate-hverandre.jpg\" alt=\"Alternativt forlate hverandre\" width=\"300\" height=\"368\" srcset=\"https:\/\/kammerpoetane.com\/wp-content\/uploads\/2013\/06\/Alternativt-forlate-hverandre.jpg 300w, https:\/\/kammerpoetane.com\/wp-content\/uploads\/2013\/06\/Alternativt-forlate-hverandre-244x300.jpg 244w\" sizes=\"(max-width: 300px) 100vw, 300px\" \/><\/strong><br \/>\nWigestrand forlag, 2004<\/p>\n<p>&nbsp;<\/p>\n<p><strong>Alternativt forlate hverandre<\/strong><\/p>\n<p>Jeg tenker p\u00e5 den svarte dronningen<br \/>\nsom g\u00e5r ved min side, det hun sa<br \/>\nom at lydene av unge liv<br \/>\nsom g\u00e5r i vasken<br \/>\noverd\u00f8ver alt,<br \/>\ndet om kanskje \u00e5 reise vekk<br \/>\nover havet med et skip,<br \/>\nhvis jeg kunne leve med det,<br \/>\nalternativt forlate hverandre<br \/>\nder veien skiller seg, fordi det<br \/>\nser s\u00e5 naturlig ut.<\/p>\n<p>&nbsp;<\/p>\n<p><strong>Mormor<\/strong><\/p>\n<p>Mormor hadde god kontakt med Gud. F\u00f8r bestefar d\u00f8de<br \/>\nhadde hun ordnet med et nydelig rom i himmelen,<br \/>\nmed heklet duk p\u00e5 bordet, og hjemmebakt br\u00f8d<br \/>\ni skuffen, og etter at han hadde sovnet stille inn,<br \/>\nfikk hun hjelp til \u00e5 b\u00e6re opp den gamle<br \/>\nmalerstigen p\u00e5 taket, s\u00e5 det ble en smal sak<br \/>\n\u00e5 hente bestefar hjem.<\/p>\n<p>&nbsp;<\/p>\n<p><strong>Endring<\/strong><\/p>\n<p>S\u00e5 hva er endring, annet enn \u00e5 v\u00e5ke<br \/>\ni det lille rommet og puste kvelden full<br \/>\nav uro, annet enn \u00e5 komme p\u00e5 et sp\u00f8rsm\u00e5l<br \/>\ndu ikke har kommet p\u00e5 f\u00f8r, annet enn<br \/>\nen svimlende id\u00e9, som dukker opp fra<br \/>\ningen steder, og blir til et gulnet l\u00f8nneblad,<br \/>\nvirvlet inn mellom gardinene, annet enn<br \/>\n\u00e5 sovne med en h\u00f8ststorm i seg, som blir<br \/>\ntil ei morgent\u00e5ke, som blir en svaleflokk.<\/p>\n<p>&nbsp;<\/p>\n<p><strong>Regn<\/strong><\/p>\n<p>N\u00e5r det gode regnet faller<br \/>\ner alt mulig. Kj\u00e6rligheten<br \/>\nkommer ut av ei \u00e5pen d\u00f8r<br \/>\ni det gr\u00e5 murhuset.<br \/>\nEn smal snorrett sti \u00e5pner seg<br \/>\ninnover i skogen.<br \/>\nHun b\u00f8yer til side ei grein.<br \/>\nS\u00e5 g\u00e5r vi inn.<\/p>\n<p>&nbsp;<\/p>\n<p><strong>Blikk<\/strong><\/p>\n<p>Hun sier s\u00e5 mye rart;<br \/>\nat steiner ikke kan gr\u00e5te,<br \/>\nat fallesyke tr\u00e6r er f\u00f8dt s\u00e5nn,<br \/>\nat mange fjell f\u00e5r \u00f8yeblikk<br \/>\nav mykhet og gjennomtrengelighet<br \/>\nn\u00e5r ingen mennesker er v\u00e5kne,<br \/>\nat himmelen er ei bl\u00e5 dyne<br \/>\nGud glemte \u00e5 bre over oss,<br \/>\nat hjernecellene er sprengfulle<br \/>\nav fengslede tanker, at blikk<br \/>\ner indre demoner i tvangstr\u00f8ye,<br \/>\nstirrende ut mellom sprinkler<br \/>\nvi ikke kan se.<\/p>\n<p>&nbsp;<\/p>\n<p>&nbsp;<\/p>\n<p>28 sanger til Norsk ved Kjell Ivar Sandvik<br \/>\nBob Dylan &#8211;<strong> En vei til din d\u00f8r<\/strong><br \/>\nWigestrand forlag, 2004<\/p>\n<p>&nbsp;<\/p>\n<p><strong>SATSA ALT FOR MYE<img loading=\"lazy\" class=\"alignright wp-image-1099 size-full\" src=\"http:\/\/kammerpoetane.com\/wp-content\/uploads\/2013\/06\/En-vei-til-din-d\u00f8r.jpg\" alt=\"En vei til din d\u00f8r\" width=\"200\" height=\"256\" \/><\/strong><\/p>\n<p>Nedi gata bjeffer hunder<br \/>\nn\u00e5 mens dagen er p\u00e5 hell,<br \/>\nmen n\u00e5r skumringstimen kommer<br \/>\nvil ogs\u00e5 de ta kveld,<br \/>\nog min indre ro blir splintra<br \/>\ni ei kald og ensom natt,<br \/>\nfor jeg satsa alt for mye,<br \/>\nog jeg endte her forlatt<\/p>\n<p>I et veikryss foran huset<br \/>\ng\u00e5r tankene i spinn,<br \/>\nn\u00e5r jeg vender meg mot rommet v\u00e5rt<br \/>\nder hvor du en gang ble min.<br \/>\nS\u00e5 snur jeg meg mot gata,<br \/>\nmot skiltet og en sti,<br \/>\nfor jeg satsa alt for mye,<br \/>\nog har ikke mer \u00e5 gi.<\/p>\n<p>Det er ei rastl\u00f8s, sulten stemning<br \/>\nsom ikke gj\u00f8r meg godt,<br \/>\nog alt som jeg vil si deg<br \/>\nkan du si like flott.<br \/>\nDu har rett p\u00e5 ditt vis,<br \/>\njeg rett p\u00e5 mitt,<br \/>\nmen vi har satsa alt for mye,<br \/>\nog vi spilte helt falitt.<\/p>\n<pre><strong>Satsa alt for mye\/One Too Many Mornings (Dylan)<\/strong><\/pre>\n<p>&nbsp;<\/p>\n<p><strong>TIL RAMONA<\/strong><\/p>\n<p>Ramona, kom n\u00e6r meg,<br \/>\nlukk langsomt ditt fuktige blikk.<br \/>\nKjenn sansene stige<br \/>\nog dempe de sorgbitre stikk.<br \/>\nSe parkens blomster, de<br \/>\npuster, men visner mot jord,<br \/>\nDu kan ikke klare<br \/>\n\u00e5 stanse det, bare<br \/>\nla v\u00e6r\u2019 \u00e5 forklar det med ord.<\/p>\n<p>Din s\u00e5rsprukne munn<br \/>\nvil jeg bo i en stund,<br \/>\nsom jeg vil under din stramme hud.<br \/>\nDin dragende gange<br \/>\nf\u00e5r meg til \u00e5 lovprise Gud,<br \/>\nmen det tynger min sjel<br \/>\nat du vil v\u00e6re en del<br \/>\nav en verden som ikke er til.<br \/>\nAlt er en dr\u00f8m, venn,<br \/>\net vakuum, en s\u00f8m<br \/>\nav tr\u00e5der som f\u00f8rer deg vill.<\/p>\n<p>Jeg kan se at din hjerne<br \/>\ner blitt vridd rundt av fjerne<br \/>\nord fra en fr\u00e5dende munn.<br \/>\nJeg kan se at du vingler,<br \/>\nskal du bli, eller reise<br \/>\nmot s\u00f8r om en stund.<br \/>\nDu har blitt lurt til \u00e5 tenke<br \/>\nat alt vil ta slutt med et smell,<br \/>\nmen det er ingen som sl\u00e5r deg<br \/>\nog ingen som fl\u00e5r deg,<br \/>\nbare du som syns synd p\u00e5 deg selv.<\/p>\n<p>Jeg vet at du sier at<br \/>\ndu er bedre enn ingen<br \/>\nog ingen er bedre enn deg.<br \/>\nHvis du virkelig tror det,<br \/>\nkan du gi opp dr\u00f8mmen du har<br \/>\nom \u00e5 komme noen vei.<br \/>\nFobier og fabler og folk<br \/>\nf\u00e5r ditt hjerte i klem,<br \/>\nde tar deg og bedrar deg,<br \/>\nog f\u00e5r deg til \u00e5 tro<br \/>\nat du m\u00e5 bli akkurat som dem.<\/p>\n<p>Jeg kan snakke og snakke<br \/>\nmen mine ord<br \/>\nvil bli til en meningsl\u00f8s ring,<br \/>\nog hjelpa fra meg,<br \/>\nden vil aldri bli verdt noenting.<br \/>\nAlt g\u00e5r over,<br \/>\nog alle ting endres,<br \/>\ns\u00e5 gj\u00f8r som du vil p\u00e5 din vei.<br \/>\nOg en dag, kj\u00e6re,<br \/>\nkan det nok v\u00e6re<br \/>\ndet er jeg som m\u00e5 tr\u00f8stes av deg.<\/p>\n<pre><strong>Til Ramona\/To Ramona (Dylan)<\/strong><\/pre>\n<p>&nbsp;<\/p>\n<p>&nbsp;<\/p>\n","protected":false},"excerpt":{"rendered":"<p>Kjell Ivar Sandvik ( 1962 \u2013 2016) var fra \u00a0Kristiansand, bosatt\u00a0i Oslo. Han dobbeltdebuterte i 2004, med &laquo;En vei til din d\u00f8r&raquo;, hvor han hadde\u00a0gjendiktet 28 av Bob Dylans sanger til norsk, samt diktsamlingen &laquo;Alternativt forlate hverandre&raquo; (begge Wigestrand forlag). I 2014 kom diktsamlingen &laquo;Dype fall, snublende forstand&raquo; (Kvalshaug forlag), og i 2015 ga han [&hellip;]<\/p>\n","protected":false},"author":1,"featured_media":0,"parent":179,"menu_order":8,"comment_status":"closed","ping_status":"closed","template":"","meta":[],"_links":{"self":[{"href":"https:\/\/kammerpoetane.com\/index.php?rest_route=\/wp\/v2\/pages\/765"}],"collection":[{"href":"https:\/\/kammerpoetane.com\/index.php?rest_route=\/wp\/v2\/pages"}],"about":[{"href":"https:\/\/kammerpoetane.com\/index.php?rest_route=\/wp\/v2\/types\/page"}],"author":[{"embeddable":true,"href":"https:\/\/kammerpoetane.com\/index.php?rest_route=\/wp\/v2\/users\/1"}],"replies":[{"embeddable":true,"href":"https:\/\/kammerpoetane.com\/index.php?rest_route=%2Fwp%2Fv2%2Fcomments&post=765"}],"version-history":[{"count":117,"href":"https:\/\/kammerpoetane.com\/index.php?rest_route=\/wp\/v2\/pages\/765\/revisions"}],"predecessor-version":[{"id":2736,"href":"https:\/\/kammerpoetane.com\/index.php?rest_route=\/wp\/v2\/pages\/765\/revisions\/2736"}],"up":[{"embeddable":true,"href":"https:\/\/kammerpoetane.com\/index.php?rest_route=\/wp\/v2\/pages\/179"}],"wp:attachment":[{"href":"https:\/\/kammerpoetane.com\/index.php?rest_route=%2Fwp%2Fv2%2Fmedia&parent=765"}],"curies":[{"name":"wp","href":"https:\/\/api.w.org\/{rel}","templated":true}]}}